{"id":292,"date":"2023-09-15T12:09:10","date_gmt":"2023-09-15T10:09:10","guid":{"rendered":"http:\/\/zyujsny.cluster030.hosting.ovh.net\/?page_id=292"},"modified":"2024-01-21T18:40:25","modified_gmt":"2024-01-21T17:40:25","slug":"mentions-legales","status":"publish","type":"page","link":"https:\/\/forum-emploipublic-breton.bzh\/index.php\/mentions-legales\/","title":{"rendered":"Mentions l\u00e9gales"},"content":{"rendered":"\t\t<div data-elementor-type=\"wp-page\" data-elementor-id=\"292\" class=\"elementor elementor-292\" data-elementor-post-type=\"page\">\n\t\t\t\t\t\t<section class=\"elementor-section elementor-top-section elementor-element elementor-element-b1716c8 elementor-section-boxed elementor-section-height-default elementor-section-height-default\" data-id=\"b1716c8\" data-element_type=\"section\">\n\t\t\t\t\t\t<div class=\"elementor-container elementor-column-gap-default\">\n\t\t\t\t\t<div class=\"elementor-column elementor-col-100 elementor-top-column elementor-element elementor-element-d952998\" data-id=\"d952998\" data-element_type=\"column\">\n\t\t\t<div class=\"elementor-widget-wrap elementor-element-populated\">\n\t\t\t\t\t\t<div class=\"elementor-element elementor-element-19d5553 elementor-widget elementor-widget-spacer\" data-id=\"19d5553\" data-element_type=\"widget\" data-widget_type=\"spacer.default\">\n\t\t\t\t<div class=\"elementor-widget-container\">\n\t\t\t\t\t\t\t<div class=\"elementor-spacer\">\n\t\t\t<div class=\"elementor-spacer-inner\"><\/div>\n\t\t<\/div>\n\t\t\t\t\t\t<\/div>\n\t\t\t\t<\/div>\n\t\t\t\t<div class=\"elementor-element elementor-element-7bdffdf elementor-widget elementor-widget-heading\" data-id=\"7bdffdf\" data-element_type=\"widget\" data-widget_type=\"heading.default\">\n\t\t\t\t<div class=\"elementor-widget-container\">\n\t\t\t\t\t<h1 class=\"elementor-heading-title elementor-size-default\">Mentions l\u00e9gales<\/h1>\t\t\t\t<\/div>\n\t\t\t\t<\/div>\n\t\t\t\t<div class=\"elementor-element elementor-element-70e2714 elementor-widget elementor-widget-spacer\" data-id=\"70e2714\" data-element_type=\"widget\" data-widget_type=\"spacer.default\">\n\t\t\t\t<div class=\"elementor-widget-container\">\n\t\t\t\t\t\t\t<div class=\"elementor-spacer\">\n\t\t\t<div class=\"elementor-spacer-inner\"><\/div>\n\t\t<\/div>\n\t\t\t\t\t\t<\/div>\n\t\t\t\t<\/div>\n\t\t\t\t<div class=\"elementor-element elementor-element-517aa64 elementor-widget elementor-widget-text-editor\" data-id=\"517aa64\" data-element_type=\"widget\" data-widget_type=\"text-editor.default\">\n\t\t\t\t<div class=\"elementor-widget-container\">\n\t\t\t\t\t\t\t\t\t<p>Ce site internet est la propri\u00e9t\u00e9 du Centre de Gestion de la fonction publique territoriale du Finist\u00e8re.<\/p>\n<p>Centre de Gestion de la fonction publique territoriale du Finist\u00e8re.<br>7 boulevard du Finist\u00e8re<br>29000 Quimper<br>Tel : 02 98 64 11 30<\/p>\n<p>Le Centre de Gestion du Finist\u00e8re, cr\u00e9\u00e9 en 1984,&nbsp;est un <strong>\u00e9tablissement public<\/strong> au service des employeurs locaux du Finist\u00e8re.<\/p>\n<p><strong>N\u00b0 SIRET<\/strong> : 28290045500019<\/p>\n<p><strong>Directeur de publication :<\/strong> <br><strong>Directrice de la r\u00e9daction : <\/strong>Marie Kernaleguen, responsable du service communication<br><strong>Cr\u00e9dits photos <\/strong>: CDG29, CDG22, CDG35, CDG56<br><strong>Conception du site&nbsp;:<\/strong> Centre de Gestion du Finist\u00e8re, 7 Bd du Finist\u00e8re, 29000 QUIMPER.<br><strong>Outil de gestion de contenus&nbsp;:<\/strong> WordPress<br><strong>H\u00e9bergement du site :<\/strong> OVH, 2 rue Kellermann, 59100 ROUBAIX<span class=\"LrzXr zdqRlf kno-fv\">.<\/span><span aria-hidden=\"true\"><br><\/span><\/p>\t\t\t\t\t\t\t\t<\/div>\n\t\t\t\t<\/div>\n\t\t\t\t\t<\/div>\n\t\t<\/div>\n\t\t\t\t\t<\/div>\n\t\t<\/section>\n\t\t\t\t<section class=\"elementor-section elementor-top-section elementor-element elementor-element-5ddc2b5 elementor-section-boxed elementor-section-height-default elementor-section-height-default\" data-id=\"5ddc2b5\" data-element_type=\"section\">\n\t\t\t\t\t\t<div class=\"elementor-container elementor-column-gap-default\">\n\t\t\t\t\t<div class=\"elementor-column elementor-col-100 elementor-top-column elementor-element elementor-element-b53c634\" data-id=\"b53c634\" data-element_type=\"column\">\n\t\t\t<div class=\"elementor-widget-wrap elementor-element-populated\">\n\t\t\t\t\t\t<div class=\"elementor-element elementor-element-48a124c elementor-widget elementor-widget-heading\" data-id=\"48a124c\" data-element_type=\"widget\" data-widget_type=\"heading.default\">\n\t\t\t\t<div class=\"elementor-widget-container\">\n\t\t\t\t\t<h3 class=\"elementor-heading-title elementor-size-default\">1\/ Protection des donn\u00e9es personnelles<\/h3>\t\t\t\t<\/div>\n\t\t\t\t<\/div>\n\t\t\t\t<div class=\"elementor-element elementor-element-de5c680 elementor-widget elementor-widget-text-editor\" data-id=\"de5c680\" data-element_type=\"widget\" data-widget_type=\"text-editor.default\">\n\t\t\t\t<div class=\"elementor-widget-container\">\n\t\t\t\t\t\t\t\t\t<p>Conform\u00e9ment au R\u00e8glement (UE) 2016\/679 relatif \u00e0 la protection des donn\u00e9es \u00e0 caract\u00e8re personnel et \u00e0 la loi n\u00b078\/17 du 6 janvier 1978 modifi\u00e9e, vous disposez des droits suivants sur vos donn\u00e9es personnelles, et notamment : le droit d\u2019acc\u00e9der, et de faire rectifier vos donn\u00e9es, le droit \u00e0 l\u2019effacement, \u00e0 la limitation du traitement, et le droit de vous opposer \u00e0 tout moment au traitement de vos donn\u00e9es pour des motifs tenant \u00e0 votre situation particuli\u00e8re. Pour exercer vos droits, merci d\u2019adresser votre demande accompagn\u00e9e d\u2019une copie d\u2019une pi\u00e8ce d\u2019identit\u00e9 \u00e0 : <a href=\"mailto:dpd@cdg29.bzh\">dpd@cdg29.bzh<\/a>.<\/p><p>Consultez <a href=\"http:\/\/zyujsny.cluster030.hosting.ovh.net\/index.php\/politique-de-confidentialite-et-de-protection-des-donnees\/\" target=\"_blank\" rel=\"noopener\">notre politique de confidentialit\u00e9 et de protection des donn\u00e9es<\/a>.<\/p>\t\t\t\t\t\t\t\t<\/div>\n\t\t\t\t<\/div>\n\t\t\t\t<div class=\"elementor-element elementor-element-4d7004a elementor-widget elementor-widget-heading\" data-id=\"4d7004a\" data-element_type=\"widget\" data-widget_type=\"heading.default\">\n\t\t\t\t<div class=\"elementor-widget-container\">\n\t\t\t\t\t<h3 class=\"elementor-heading-title elementor-size-default\">2\/ Droit d'auteur<\/h3>\t\t\t\t<\/div>\n\t\t\t\t<\/div>\n\t\t\t\t<div class=\"elementor-element elementor-element-e02fe07 elementor-widget elementor-widget-text-editor\" data-id=\"e02fe07\" data-element_type=\"widget\" data-widget_type=\"text-editor.default\">\n\t\t\t\t<div class=\"elementor-widget-container\">\n\t\t\t\t\t\t\t\t\t<p>Ce site est prot\u00e9g\u00e9 par la l\u00e9gislation fran\u00e7aise et internationale par le droit d\u2019auteur et la propri\u00e9t\u00e9 intellectuelle. Toute copie, repr\u00e9sentation, adaptation, diffusion, int\u00e9grale ou partielle, du contenu du site est illicite \u00e0 l\u2019exception d\u2019une unique copie r\u00e9serv\u00e9e \u00e0 l\u2019usage priv\u00e9 de l\u2019utilisateur. Les informations contenues dans ce site sont pr\u00e9sent\u00e9es \u00e0 titre purement informatif et sont non contractuelles. Le CDG 29 ne saurait \u00eatre tenu responsable pour toute erreur ou omission dans les textes et illustrations du site.Toute repr\u00e9sentation et\/ou reproduction et\/ou exploitation partielle ou totale de ce site, par quelque proc\u00e9d\u00e9 que ce soit, sans l\u2019autorisation expresse et pr\u00e9alable du CDG 29 est interdite et constituerait une contrefa\u00e7on au sens des articles L 335-2 et suivants du code de la propri\u00e9t\u00e9 intellectuelle.<\/p>\n<p>Consultez <a href=\"http:\/\/zyujsny.cluster030.hosting.ovh.net\/index.php\/politique-de-confidentialite-et-de-protection-des-donnees\/\" target=\"_blank\" rel=\"noopener\">notre politique de confidentialit\u00e9 et de protection des donn\u00e9es<\/a>.<br><\/p>\t\t\t\t\t\t\t\t<\/div>\n\t\t\t\t<\/div>\n\t\t\t\t<div class=\"elementor-element elementor-element-529b36c elementor-widget elementor-widget-heading\" data-id=\"529b36c\" data-element_type=\"widget\" data-widget_type=\"heading.default\">\n\t\t\t\t<div class=\"elementor-widget-container\">\n\t\t\t\t\t<h3 class=\"elementor-heading-title elementor-size-default\">3\/ Liens<\/h3>\t\t\t\t<\/div>\n\t\t\t\t<\/div>\n\t\t\t\t<div class=\"elementor-element elementor-element-b4b38be elementor-widget elementor-widget-text-editor\" data-id=\"b4b38be\" data-element_type=\"widget\" data-widget_type=\"text-editor.default\">\n\t\t\t\t<div class=\"elementor-widget-container\">\n\t\t\t\t\t\t\t\t\t<p>Certaines pages peuvent contenir des liens vers des sites externes \u00e0 ce site. Le CDG 29 ne r\u00e9alise pas de contr\u00f4le sur ces sites, par cons\u00e9quent il n\u2019assume aucune responsabilit\u00e9 quant \u00e0 la disponibilit\u00e9 de ces sites, leurs contenus, publicit\u00e9s, produits ou services disponibles sur ou \u00e0 partir de ces sites. L\u2019acc\u00e8s \u00e0 d\u2019autres sites externes au site <a href=\"https:\/\/forum-emploipublic-breton.bzh\">https:\/\/forum-emploipublic-breton.bzh<\/a> se fait donc sous l\u2019enti\u00e8re responsabilit\u00e9 de l\u2019utilisateur qui les consulte.<\/p>\t\t\t\t\t\t\t\t<\/div>\n\t\t\t\t<\/div>\n\t\t\t\t<div class=\"elementor-element elementor-element-b147fd9 elementor-widget elementor-widget-heading\" data-id=\"b147fd9\" data-element_type=\"widget\" data-widget_type=\"heading.default\">\n\t\t\t\t<div class=\"elementor-widget-container\">\n\t\t\t\t\t<h3 class=\"elementor-heading-title elementor-size-default\">4\/ Informations techniques<\/h3>\t\t\t\t<\/div>\n\t\t\t\t<\/div>\n\t\t\t\t<div class=\"elementor-element elementor-element-e4e1ced elementor-widget elementor-widget-text-editor\" data-id=\"e4e1ced\" data-element_type=\"widget\" data-widget_type=\"text-editor.default\">\n\t\t\t\t<div class=\"elementor-widget-container\">\n\t\t\t\t\t\t\t\t\t<p>Pour toute\u00a0information\u00a0ou question\u00a0technique\u00a0: <a href=\"mailto:communication@cdg29.fr\">communication@cdg29.bzh<\/a><\/p>\t\t\t\t\t\t\t\t<\/div>\n\t\t\t\t<\/div>\n\t\t\t\t<div class=\"elementor-element elementor-element-9d7eb53 elementor-widget elementor-widget-spacer\" data-id=\"9d7eb53\" data-element_type=\"widget\" data-widget_type=\"spacer.default\">\n\t\t\t\t<div class=\"elementor-widget-container\">\n\t\t\t\t\t\t\t<div class=\"elementor-spacer\">\n\t\t\t<div class=\"elementor-spacer-inner\"><\/div>\n\t\t<\/div>\n\t\t\t\t\t\t<\/div>\n\t\t\t\t<\/div>\n\t\t\t\t\t<\/div>\n\t\t<\/div>\n\t\t\t\t\t<\/div>\n\t\t<\/section>\n\t\t\t\t<\/div>\n\t\t","protected":false},"excerpt":{"rendered":"<p>Mentions l\u00e9gales Ce site internet est la propri\u00e9t\u00e9 du Centre de Gestion de la fonction publique territoriale du Finist\u00e8re. Centre de Gestion de la fonction publique territoriale du Finist\u00e8re.7 boulevard du Finist\u00e8re29000 QuimperTel : 02 98 64 11 30 Le Centre de Gestion du Finist\u00e8re, cr\u00e9\u00e9 en 1984,&nbsp;est un \u00e9tablissement public au service des employeurs [&hellip;]<\/p>\n","protected":false},"author":2,"featured_media":0,"parent":0,"menu_order":0,"comment_status":"closed","ping_status":"closed","template":"","meta":{"_uag_custom_page_level_css":"","site-sidebar-layout":"no-sidebar","site-content-layout":"","ast-site-content-layout":"full-width-container","site-content-style":"default","site-sidebar-style":"default","ast-global-header-display":"","ast-banner-title-visibility":"","ast-main-header-display":"","ast-hfb-above-header-display":"","ast-hfb-below-header-display":"","ast-hfb-mobile-header-display":"","site-post-title":"disabled","ast-breadcrumbs-content":"","ast-featured-img":"disabled","footer-sml-layout":"","theme-transparent-header-meta":"","adv-header-id-meta":"","stick-header-meta":"","header-above-stick-meta":"","header-main-stick-meta":"","header-below-stick-meta":"","astra-migrate-meta-layouts":"default","ast-page-background-enabled":"default","ast-page-background-meta":{"desktop":{"background-color":"var(--ast-global-color-4)","background-image":"","background-repeat":"repeat","background-position":"center center","background-size":"auto","background-attachment":"scroll","background-type":"","background-media":"","overlay-type":"","overlay-color":"","overlay-opacity":"","overlay-gradient":""},"tablet":{"background-color":"","background-image":"","background-repeat":"repeat","background-position":"center center","background-size":"auto","background-attachment":"scroll","background-type":"","background-media":"","overlay-type":"","overlay-color":"","overlay-opacity":"","overlay-gradient":""},"mobile":{"background-color":"","background-image":"","background-repeat":"repeat","background-position":"center center","background-size":"auto","background-attachment":"scroll","background-type":"","background-media":"","overlay-type":"","overlay-color":"","overlay-opacity":"","overlay-gradient":""}},"ast-content-background-meta":{"desktop":{"background-color":"var(--ast-global-color-5)","background-image":"","background-repeat":"repeat","background-position":"center center","background-size":"auto","background-attachment":"scroll","background-type":"","background-media":"","overlay-type":"","overlay-color":"","overlay-opacity":"","overlay-gradient":""},"tablet":{"background-color":"var(--ast-global-color-5)","background-image":"","background-repeat":"repeat","background-position":"center center","background-size":"auto","background-attachment":"scroll","background-type":"","background-media":"","overlay-type":"","overlay-color":"","overlay-opacity":"","overlay-gradient":""},"mobile":{"background-color":"var(--ast-global-color-5)","background-image":"","background-repeat":"repeat","background-position":"center center","background-size":"auto","background-attachment":"scroll","background-type":"","background-media":"","overlay-type":"","overlay-color":"","overlay-opacity":"","overlay-gradient":""}},"footnotes":""},"class_list":["post-292","page","type-page","status-publish","hentry"],"yoast_head":"<!-- This site is optimized with the Yoast SEO plugin v24.8.1 - https:\/\/yoast.com\/wordpress\/plugins\/seo\/ -->\n<title>Mentions l\u00e9gales | Forum de l&#039;emploi public breton<\/title>\n<meta name=\"robots\" content=\"index, follow, max-snippet:-1, max-image-preview:large, max-video-preview:-1\" \/>\n<link rel=\"canonical\" href=\"https:\/\/forum-emploipublic-breton.bzh\/index.php\/mentions-legales\/\" \/>\n<meta property=\"og:locale\" content=\"fr_FR\" \/>\n<meta property=\"og:type\" content=\"article\" \/>\n<meta property=\"og:title\" content=\"Mentions l\u00e9gales | Forum de l&#039;emploi public breton\" \/>\n<meta property=\"og:description\" content=\"Mentions l\u00e9gales Ce site internet est la propri\u00e9t\u00e9 du Centre de Gestion de la fonction publique territoriale du Finist\u00e8re. Centre de Gestion de la fonction publique territoriale du Finist\u00e8re.7 boulevard du Finist\u00e8re29000 QuimperTel : 02 98 64 11 30 Le Centre de Gestion du Finist\u00e8re, cr\u00e9\u00e9 en 1984,&nbsp;est un \u00e9tablissement public au service des employeurs [&hellip;]\" \/>\n<meta property=\"og:url\" content=\"https:\/\/forum-emploipublic-breton.bzh\/index.php\/mentions-legales\/\" \/>\n<meta property=\"og:site_name\" content=\"Forum de l&#039;emploi public breton\" \/>\n<meta property=\"article:modified_time\" content=\"2024-01-21T17:40:25+00:00\" \/>\n<meta name=\"twitter:card\" content=\"summary_large_image\" \/>\n<meta name=\"twitter:label1\" content=\"Dur\u00e9e de lecture estim\u00e9e\" \/>\n\t<meta name=\"twitter:data1\" content=\"3 minutes\" \/>\n<script type=\"application\/ld+json\" class=\"yoast-schema-graph\">{\"@context\":\"https:\/\/schema.org\",\"@graph\":[{\"@type\":\"WebPage\",\"@id\":\"https:\/\/forum-emploipublic-breton.bzh\/index.php\/mentions-legales\/\",\"url\":\"https:\/\/forum-emploipublic-breton.bzh\/index.php\/mentions-legales\/\",\"name\":\"Mentions l\u00e9gales | Forum de l&#039;emploi public breton\",\"isPartOf\":{\"@id\":\"https:\/\/forum-emploipublic-breton.bzh\/#website\"},\"datePublished\":\"2023-09-15T10:09:10+00:00\",\"dateModified\":\"2024-01-21T17:40:25+00:00\",\"inLanguage\":\"fr-FR\",\"potentialAction\":[{\"@type\":\"ReadAction\",\"target\":[\"https:\/\/forum-emploipublic-breton.bzh\/index.php\/mentions-legales\/\"]}]},{\"@type\":\"WebSite\",\"@id\":\"https:\/\/forum-emploipublic-breton.bzh\/#website\",\"url\":\"https:\/\/forum-emploipublic-breton.bzh\/\",\"name\":\"Forum de l&#039;emploi public breton\",\"description\":\"Libre d&#039;entrer dans la fonction publique tout au long de la vie !\",\"publisher\":{\"@id\":\"https:\/\/forum-emploipublic-breton.bzh\/#organization\"},\"potentialAction\":[{\"@type\":\"SearchAction\",\"target\":{\"@type\":\"EntryPoint\",\"urlTemplate\":\"https:\/\/forum-emploipublic-breton.bzh\/?s={search_term_string}\"},\"query-input\":{\"@type\":\"PropertyValueSpecification\",\"valueRequired\":true,\"valueName\":\"search_term_string\"}}],\"inLanguage\":\"fr-FR\"},{\"@type\":\"Organization\",\"@id\":\"https:\/\/forum-emploipublic-breton.bzh\/#organization\",\"name\":\"Forum de l&#039;emploi public breton\",\"url\":\"https:\/\/forum-emploipublic-breton.bzh\/\",\"logo\":{\"@type\":\"ImageObject\",\"inLanguage\":\"fr-FR\",\"@id\":\"https:\/\/forum-emploipublic-breton.bzh\/#\/schema\/logo\/image\/\",\"url\":\"https:\/\/forum-emploipublic-breton.bzh\/wp-content\/uploads\/2023\/11\/forum_emploi_public_breton_coul_250px.png\",\"contentUrl\":\"https:\/\/forum-emploipublic-breton.bzh\/wp-content\/uploads\/2023\/11\/forum_emploi_public_breton_coul_250px.png\",\"width\":250,\"height\":109,\"caption\":\"Forum de l&#039;emploi public breton\"},\"image\":{\"@id\":\"https:\/\/forum-emploipublic-breton.bzh\/#\/schema\/logo\/image\/\"}}]}<\/script>\n<!-- \/ Yoast SEO plugin. -->","yoast_head_json":{"title":"Mentions l\u00e9gales | Forum de l&#039;emploi public breton","robots":{"index":"index","follow":"follow","max-snippet":"max-snippet:-1","max-image-preview":"max-image-preview:large","max-video-preview":"max-video-preview:-1"},"canonical":"https:\/\/forum-emploipublic-breton.bzh\/index.php\/mentions-legales\/","og_locale":"fr_FR","og_type":"article","og_title":"Mentions l\u00e9gales | Forum de l&#039;emploi public breton","og_description":"Mentions l\u00e9gales Ce site internet est la propri\u00e9t\u00e9 du Centre de Gestion de la fonction publique territoriale du Finist\u00e8re. Centre de Gestion de la fonction publique territoriale du Finist\u00e8re.7 boulevard du Finist\u00e8re29000 QuimperTel : 02 98 64 11 30 Le Centre de Gestion du Finist\u00e8re, cr\u00e9\u00e9 en 1984,&nbsp;est un \u00e9tablissement public au service des employeurs [&hellip;]","og_url":"https:\/\/forum-emploipublic-breton.bzh\/index.php\/mentions-legales\/","og_site_name":"Forum de l&#039;emploi public breton","article_modified_time":"2024-01-21T17:40:25+00:00","twitter_card":"summary_large_image","twitter_misc":{"Dur\u00e9e de lecture estim\u00e9e":"3 minutes"},"schema":{"@context":"https:\/\/schema.org","@graph":[{"@type":"WebPage","@id":"https:\/\/forum-emploipublic-breton.bzh\/index.php\/mentions-legales\/","url":"https:\/\/forum-emploipublic-breton.bzh\/index.php\/mentions-legales\/","name":"Mentions l\u00e9gales | Forum de l&#039;emploi public breton","isPartOf":{"@id":"https:\/\/forum-emploipublic-breton.bzh\/#website"},"datePublished":"2023-09-15T10:09:10+00:00","dateModified":"2024-01-21T17:40:25+00:00","inLanguage":"fr-FR","potentialAction":[{"@type":"ReadAction","target":["https:\/\/forum-emploipublic-breton.bzh\/index.php\/mentions-legales\/"]}]},{"@type":"WebSite","@id":"https:\/\/forum-emploipublic-breton.bzh\/#website","url":"https:\/\/forum-emploipublic-breton.bzh\/","name":"Forum de l&#039;emploi public breton","description":"Libre d&#039;entrer dans la fonction publique tout au long de la vie !","publisher":{"@id":"https:\/\/forum-emploipublic-breton.bzh\/#organization"},"potentialAction":[{"@type":"SearchAction","target":{"@type":"EntryPoint","urlTemplate":"https:\/\/forum-emploipublic-breton.bzh\/?s={search_term_string}"},"query-input":{"@type":"PropertyValueSpecification","valueRequired":true,"valueName":"search_term_string"}}],"inLanguage":"fr-FR"},{"@type":"Organization","@id":"https:\/\/forum-emploipublic-breton.bzh\/#organization","name":"Forum de l&#039;emploi public breton","url":"https:\/\/forum-emploipublic-breton.bzh\/","logo":{"@type":"ImageObject","inLanguage":"fr-FR","@id":"https:\/\/forum-emploipublic-breton.bzh\/#\/schema\/logo\/image\/","url":"https:\/\/forum-emploipublic-breton.bzh\/wp-content\/uploads\/2023\/11\/forum_emploi_public_breton_coul_250px.png","contentUrl":"https:\/\/forum-emploipublic-breton.bzh\/wp-content\/uploads\/2023\/11\/forum_emploi_public_breton_coul_250px.png","width":250,"height":109,"caption":"Forum de l&#039;emploi public breton"},"image":{"@id":"https:\/\/forum-emploipublic-breton.bzh\/#\/schema\/logo\/image\/"}}]}},"uagb_featured_image_src":{"full":false,"thumbnail":false,"medium":false,"medium_large":false,"large":false,"1536x1536":false,"2048x2048":false,"qi_addons_for_elementor_image_size_square":false,"qi_addons_for_elementor_image_size_landscape":false,"qi_addons_for_elementor_image_size_portrait":false,"qi_addons_for_elementor_image_size_huge-square":false},"uagb_author_info":{"display_name":"communication cdg29","author_link":"https:\/\/forum-emploipublic-breton.bzh\/index.php\/author\/communication-cdg29\/"},"uagb_comment_info":0,"uagb_excerpt":"Mentions l\u00e9gales Ce site internet est la propri\u00e9t\u00e9 du Centre de Gestion de la fonction publique territoriale du Finist\u00e8re. Centre de Gestion de la fonction publique territoriale du Finist\u00e8re.7 boulevard du Finist\u00e8re29000 QuimperTel : 02 98 64 11 30 Le Centre de Gestion du Finist\u00e8re, cr\u00e9\u00e9 en 1984,&nbsp;est un \u00e9tablissement public au service des employeurs\u2026","_links":{"self":[{"href":"https:\/\/forum-emploipublic-breton.bzh\/index.php\/wp-json\/wp\/v2\/pages\/292","targetHints":{"allow":["GET"]}}],"collection":[{"href":"https:\/\/forum-emploipublic-breton.bzh\/index.php\/wp-json\/wp\/v2\/pages"}],"about":[{"href":"https:\/\/forum-emploipublic-breton.bzh\/index.php\/wp-json\/wp\/v2\/types\/page"}],"author":[{"embeddable":true,"href":"https:\/\/forum-emploipublic-breton.bzh\/index.php\/wp-json\/wp\/v2\/users\/2"}],"replies":[{"embeddable":true,"href":"https:\/\/forum-emploipublic-breton.bzh\/index.php\/wp-json\/wp\/v2\/comments?post=292"}],"version-history":[{"count":39,"href":"https:\/\/forum-emploipublic-breton.bzh\/index.php\/wp-json\/wp\/v2\/pages\/292\/revisions"}],"predecessor-version":[{"id":4332,"href":"https:\/\/forum-emploipublic-breton.bzh\/index.php\/wp-json\/wp\/v2\/pages\/292\/revisions\/4332"}],"wp:attachment":[{"href":"https:\/\/forum-emploipublic-breton.bzh\/index.php\/wp-json\/wp\/v2\/media?parent=292"}],"curies":[{"name":"wp","href":"https:\/\/api.w.org\/{rel}","templated":true}]}}